{"id":7835,"date":"2022-08-23T21:54:40","date_gmt":"2022-08-23T21:54:40","guid":{"rendered":"https:\/\/casaopcion.xyz\/es\/?page_id=7835"},"modified":"2022-08-23T22:16:49","modified_gmt":"2022-08-23T22:16:49","slug":"banjercito-creditos-hipotecarios","status":"publish","type":"page","link":"https:\/\/casaopcion.com\/es\/banjercito-creditos-hipotecarios\/","title":{"rendered":"Banj\u00e9rcito"},"content":{"rendered":"<h1><img loading=\"lazy\" decoding=\"async\" class=\" wp-image-7755 aligncenter\" src=\"https:\/\/casaopcion.com\/es\/wp-content\/uploads\/2022\/08\/logo-banjercito.jpg\" alt=\"\" width=\"183\" height=\"183\" srcset=\"https:\/\/casaopcion.com\/es\/wp-content\/uploads\/2022\/08\/logo-banjercito.jpg 300w, https:\/\/casaopcion.com\/es\/wp-content\/uploads\/2022\/08\/logo-banjercito-150x150.jpg 150w, https:\/\/casaopcion.com\/es\/wp-content\/uploads\/2022\/08\/logo-banjercito-210x210.jpg 210w\" sizes=\"auto, (max-width: 183px) 100vw, 183px\" \/><\/h1>\n<h3>Banj\u00e9rcito<\/h3>\n<p>Si trabajas al servicio del Ej\u00e9rcito y Fuerzas Armadas de M\u00e9xico, Banj\u00e9rcito puede ser tu mejor opci\u00f3n para adquirir una casa. Dependiendo de tu rango, salario, antig\u00fcedad y otras consideraciones, Banj\u00e9rcito tambi\u00e9n\u00a0cuenta con distintos tipos de cr\u00e9dito. Con\u00f3celos para que sepas cu\u00e1l se ajusta a tus necesidades.<\/p>\n<h3>Tipos de cr\u00e9dito<\/h3>\n<ul>\n<li>\n<p class=\"p1 rtejustify\"><strong>Banje-Casa Banj\u00e9rcito:<\/strong>\u00a0este sistema es aplicable para militares en activo, con grado de\u00a0 generales a capitanes y sus equivalentes en la Armada. Dependiendo de tu antig\u00fcedad, rango y capacidad de endeudamiento, te ofrece un cr\u00e9dito que puede tener un plazo de uno a 20 a\u00f1os. Este financiamiento cubre hasta 100% del valor de la casa y cobra una comisi\u00f3n por apertura de 2.5% sobre el importe del cr\u00e9dito.<\/p>\n<\/li>\n<li>\n<p class=\"p1 rtejustify\"><strong>Banje-Casa Subsidiada 2 Banj\u00e9rcito:<\/strong>\u00a0se otorga a militares con rango de soldado a teniente, y sus equivalentes en la Armada, siempre y cuando tengan mas de 5 a\u00f1os de antig\u00fcedad. Te ofrece hasta $512,916.09\u00a0pesos para comprar una casa, a un plazo de 20 a\u00f1os y con una comisi\u00f3n de apertura de 2.5% sobre el monto del cr\u00e9dito, con un valor m\u00e1ximo de vivienda de $512,916.09.\u00a0Tambi\u00e9n puedes obtener un subsidio de hasta $75,494.14\u00a0pesos, dependiendo del valor de la casa que elijas.<\/p>\n<\/li>\n<li>\n<p class=\"p1 rtejustify\"><strong>Banje-Casa Subsidiada 3 Banj\u00e9rcito:<\/strong>\u00a0si eres un militar o marino en condici\u00f3n de retiro, y percibes hasta 5 veces el salario m\u00ednimo mensual, esta opci\u00f3n de cr\u00e9dito es para ti. Te ofrece hasta $512,916.90\u00a0pesos a pagar en 10 a\u00f1os. Puedes optar por el subsidio de hasta $75,494.14\u00a0pesos y la comisi\u00f3n por apertura es de 2.5% del valor del cr\u00e9dito.<\/p>\n<\/li>\n<li>\n<p class=\"p1 rtejustify\"><strong>Banje \u2013 Casa Banj\u00e9rcito \u2013 Retirados:<\/strong>\u00a0este modelo est\u00e1 pensado para el personal del ej\u00e9rcito, Fuerzas A\u00e9rea y Armada con rangos de generales a capitanes, en situaci\u00f3n de retiro, y con ingresos mensuales superiores a 5 veces el salario m\u00ednimo vigente. Te ofrece un cr\u00e9dito con base en tu capacidad de endeudamiento con un plazo de 10 a\u00f1os y la comisi\u00f3n por apertura es de 2.5%.<\/p>\n<\/li>\n<li>\n<p class=\"p1 rtejustify\"><strong>Banje \u2013 Casa Madres Solteras:\u00a0<\/strong>este cr\u00e9dito es otorgado a madres solteras que sean personal de Ej\u00e9rcito, Fuerza A\u00e9rea o Armada, dependiendo de su grado o rango y estado civil, con un plazo dre\u00a0hasta 20 a\u00f1os, el cual puede cubrir hasta el 100% del valor la vivienda sin una comisi\u00f3n por apertura y descuentos por n\u00f3mina\u00a0quincenal.<\/p>\n<\/li>\n<li>\n<p class=\"p1 rtejustify\"><strong>Banje \u2013 Casa Retirados \u2013 Madres Solteras<\/strong>: este cr\u00e9dito se otorga a madres solteras\u00a0que sean\u00a0personal del Ej\u00e9rcito, Fuerza A\u00e9rea o Armada\u00a0que est\u00e9 en situaci\u00f3n de retiro,\u00a0cubriendo un financiamiento de hasta \u00a0el 100% \u00a0en\u00a0un plazo de\u00a0hasta 15 a\u00f1os\u00a0sin comisi\u00f3n por apertura ni enganche.<\/p>\n<\/li>\n<li>\n<p class=\"p1 rtejustify\"><strong>Cofinanciamiento (ISSFAM-BANJERCITO):<\/strong>\u00a0este cr\u00e9dito est\u00e1 pensado para el personal militar en activo, que haya cotizado en el FOVIMI (Fondo de Vivienda Militar) al menos 6 a\u00f1os y que no cuente con ning\u00fan cr\u00e9dito ISSFAM. Banj\u00e9rcito te ofrece desde $390 mil pesos y la comisi\u00f3n por apertura es de 1% sobre el importe que te sea otorgado por esta instituci\u00f3n.<\/p>\n<\/li>\n<\/ul>\n<h3>Proceso a seguir<\/h3>\n<p>Para obtener un cr\u00e9dito de Banj\u00e9rcito tienes que presentar una solicitud a dicha instituci\u00f3n, que cuenta con 56 sucursales en todo el pa\u00eds, distribuidas en Zonas militares, unidades habitacionales y unidades de trabajo.<\/p>\n<p>Una vez que entregues tu solicitud, Banj\u00e9rcito emitir\u00e1 una pre autorizaci\u00f3n en un plazo no mayor a diez d\u00edas h\u00e1biles, despu\u00e9s deber\u00e1s integrar el expediente completo. Ara puede ayudarte a realizar ese tr\u00e1mite si te interesa una de nuestras casas.<\/p>\n<p>Una vez que ingreses el expediente completo a Banj\u00e9rcito, esta instituci\u00f3n lo someter\u00e1 a un proceso de aprobaci\u00f3n que incluye un dictamen jur\u00eddico, y que puede llevar hasta 13 d\u00edas h\u00e1biles, t\u00e9rmino al final del cual podr\u00e1s programar tu firma ante el notario. Este \u00faltimo paso puede llevar hasta 25 d\u00edas h\u00e1biles, dependiendo del notario. As\u00ed termina el proceso para que puedas estrenar una casa.<\/p>\n","protected":false},"excerpt":{"rendered":"<p>Banj\u00e9rcito Si trabajas al servicio del Ej\u00e9rcito y Fuerzas Armadas de M\u00e9xico, Banj\u00e9rcito puede ser tu mejor opci\u00f3n para adquirir una casa. Dependiendo de tu rango, salario, antig\u00fcedad y otras consideraciones, Banj\u00e9rcito tambi\u00e9n\u00a0cuenta con distintos tipos de cr\u00e9dito. Con\u00f3celos para que sepas cu\u00e1l se ajusta a tus necesidades. Tipos de cr\u00e9dito Banje-Casa Banj\u00e9rcito:\u00a0este sistema es&#8230;<\/p>\n","protected":false},"author":1,"featured_media":0,"parent":0,"menu_order":0,"comment_status":"closed","ping_status":"closed","template":"","meta":{"footnotes":""},"class_list":["post-7835","page","type-page","status-publish","hentry"],"_links":{"self":[{"href":"https:\/\/casaopcion.com\/es\/wp-json\/wp\/v2\/pages\/7835","targetHints":{"allow":["GET"]}}],"collection":[{"href":"https:\/\/casaopcion.com\/es\/wp-json\/wp\/v2\/pages"}],"about":[{"href":"https:\/\/casaopcion.com\/es\/wp-json\/wp\/v2\/types\/page"}],"author":[{"embeddable":true,"href":"https:\/\/casaopcion.com\/es\/wp-json\/wp\/v2\/users\/1"}],"replies":[{"embeddable":true,"href":"https:\/\/casaopcion.com\/es\/wp-json\/wp\/v2\/comments?post=7835"}],"version-history":[{"count":3,"href":"https:\/\/casaopcion.com\/es\/wp-json\/wp\/v2\/pages\/7835\/revisions"}],"predecessor-version":[{"id":7894,"href":"https:\/\/casaopcion.com\/es\/wp-json\/wp\/v2\/pages\/7835\/revisions\/7894"}],"wp:attachment":[{"href":"https:\/\/casaopcion.com\/es\/wp-json\/wp\/v2\/media?parent=7835"}],"curies":[{"name":"wp","href":"https:\/\/api.w.org\/{rel}","templated":true}]}}