{"id":7802,"date":"2022-08-23T21:32:26","date_gmt":"2022-08-23T21:32:26","guid":{"rendered":"https:\/\/casaopcion.xyz\/es\/?page_id=7802"},"modified":"2022-08-23T22:12:10","modified_gmt":"2022-08-23T22:12:10","slug":"banco-banorte","status":"publish","type":"page","link":"https:\/\/casaopcion.com\/es\/banco-banorte\/","title":{"rendered":"Banco Banorte"},"content":{"rendered":"<h2><img loading=\"lazy\" decoding=\"async\" class=\"wp-image-7731 aligncenter\" src=\"https:\/\/casaopcion.com\/es\/wp-content\/uploads\/2022\/08\/logo-banorte.jpg\" alt=\"\" width=\"162\" height=\"162\" srcset=\"https:\/\/casaopcion.com\/es\/wp-content\/uploads\/2022\/08\/logo-banorte.jpg 300w, https:\/\/casaopcion.com\/es\/wp-content\/uploads\/2022\/08\/logo-banorte-150x150.jpg 150w, https:\/\/casaopcion.com\/es\/wp-content\/uploads\/2022\/08\/logo-banorte-210x210.jpg 210w\" sizes=\"auto, (max-width: 162px) 100vw, 162px\" \/><\/h2>\n<h3>Banco Banorte<\/h3>\n<p>Banco El Grupo Financiero Banorte, nuestra amplia trayectoria en el mundo bancario y financiero se suma a nuestra constante actualizaci\u00f3n.<\/p>\n<p>Fue fundado en 1899, en el Banco Mercantil de Monterrey. Cuando comenz\u00f3 sus operaciones como un peque\u00f1o jugador regional.<\/p>\n<p>Casi medio siglo despu\u00e9s, en 1947, pusimos en marcha el Banco Regional del Norte.<\/p>\n<p>En 1986 establecimos el Banco Mercantil del Norte, S.N.C., nombre que refer\u00eda la fusi\u00f3n del Banco Mercantil de Monterrey con el Banco Regional del Norte.<\/p>\n<p>En 1992, en el proceso de privatizaci\u00f3n de la banca, Banorte fue adquirido por el grupo actual de emprendedores accionistas, encabezado por Don Roberto Gonz\u00e1lez Barrera despu\u00e9s de una serie de Adquisiciones estrat\u00e9gicas despu\u00e9s de la crisis financiera mexicana a mediados de los 90 s Banorte consolido una presencia nacional en M\u00e9xico.<\/p>\n<p>Un a\u00f1o despu\u00e9s, con la incorporaci\u00f3n de los servicios de Casa de Bolsa, Factoraje, Almacenadora y Arrendadora, nos constituimos como actualmente nos encontramos.<\/p>\n<p>Hoy, en pleno siglo XXI, en Grupo Financiero Banorte nos sabemos respaldados por una historia de trabajo y motivados por un futuro prometedor siendo la afore la m\u00e1s importante de M\u00e9xico.<\/p>\n<p>La Afore XXI<br \/>\nLos principales tr\u00e1mites a realizar son el seguro social<\/p>\n<p>Los principales tr\u00e1mites a realizar son registro de afore y consultor\u00eda de saldo<\/p>\n<p>La Afore es una de las principales Administradoras de Fondos para el Retiro de M\u00e9xico.<\/p>\n<p>En la Afore recibir\u00e1s cuatrimestralmente en tu domicilio o en tu correo electr\u00f3nico tres estados de cuenta Adem\u00e1s de tres informes de cuenta gratuitos v\u00eda electr\u00f3nica con los tres informes de tu cuenta gratuitos v\u00eda electr\u00f3nica con los movimientos registrados en tu cuenta individual.<\/p>\n","protected":false},"excerpt":{"rendered":"<p>Banco Banorte Banco El Grupo Financiero Banorte, nuestra amplia trayectoria en el mundo bancario y financiero se suma a nuestra constante actualizaci\u00f3n. Fue fundado en 1899, en el Banco Mercantil de Monterrey. Cuando comenz\u00f3 sus operaciones como un peque\u00f1o jugador regional. Casi medio siglo despu\u00e9s, en 1947, pusimos en marcha el Banco Regional del Norte&#8230;.<\/p>\n","protected":false},"author":1,"featured_media":0,"parent":0,"menu_order":0,"comment_status":"closed","ping_status":"closed","template":"","meta":{"footnotes":""},"class_list":["post-7802","page","type-page","status-publish","hentry"],"_links":{"self":[{"href":"https:\/\/casaopcion.com\/es\/wp-json\/wp\/v2\/pages\/7802","targetHints":{"allow":["GET"]}}],"collection":[{"href":"https:\/\/casaopcion.com\/es\/wp-json\/wp\/v2\/pages"}],"about":[{"href":"https:\/\/casaopcion.com\/es\/wp-json\/wp\/v2\/types\/page"}],"author":[{"embeddable":true,"href":"https:\/\/casaopcion.com\/es\/wp-json\/wp\/v2\/users\/1"}],"replies":[{"embeddable":true,"href":"https:\/\/casaopcion.com\/es\/wp-json\/wp\/v2\/comments?post=7802"}],"version-history":[{"count":4,"href":"https:\/\/casaopcion.com\/es\/wp-json\/wp\/v2\/pages\/7802\/revisions"}],"predecessor-version":[{"id":7900,"href":"https:\/\/casaopcion.com\/es\/wp-json\/wp\/v2\/pages\/7802\/revisions\/7900"}],"wp:attachment":[{"href":"https:\/\/casaopcion.com\/es\/wp-json\/wp\/v2\/media?parent=7802"}],"curies":[{"name":"wp","href":"https:\/\/api.w.org\/{rel}","templated":true}]}}