{"id":7845,"date":"2022-08-23T21:58:05","date_gmt":"2022-08-23T21:58:05","guid":{"rendered":"https:\/\/casaopcion.xyz\/es\/?page_id=7845"},"modified":"2022-08-23T22:17:35","modified_gmt":"2022-08-23T22:17:35","slug":"credito-hsbc","status":"publish","type":"page","link":"https:\/\/casaopcion.com\/en\/credito-hsbc\/","title":{"rendered":"Cr\u00e9dito HSBC"},"content":{"rendered":"<h2><img loading=\"lazy\" decoding=\"async\" class=\" wp-image-7757 aligncenter\" src=\"https:\/\/casaopcion.com\/es\/wp-content\/uploads\/2022\/08\/logo-hsbc.jpg\" alt=\"\" width=\"192\" height=\"192\" srcset=\"https:\/\/casaopcion.com\/en\/wp-content\/uploads\/2022\/08\/logo-hsbc.jpg 300w, https:\/\/casaopcion.com\/en\/wp-content\/uploads\/2022\/08\/logo-hsbc-150x150.jpg 150w, https:\/\/casaopcion.com\/en\/wp-content\/uploads\/2022\/08\/logo-hsbc-210x210.jpg 210w\" sizes=\"auto, (max-width: 192px) 100vw, 192px\" \/><\/h2>\n<h3>Cr\u00e9dito HSBC<\/h3>\n<p>El Cr\u00e9dito \u00a0HSBC \u00a0Hipotecario tiene las mejores condiciones en HSBC para la compra de tu casa o departamento.<\/p>\n<h3>Construye tu patrimonio con Cr\u00e9dito Hipotecario HSBC<\/h3>\n<p>Si deseas hacer crecer tu patrimonio, en HSBC siempre buscamos ofrecer excelentes oportunidades para lograrlo.<\/p>\n<p>Adquiere un Cr\u00e9dito Hipotecario con las mejores condiciones en HSBC.<\/p>\n<p>La tasa de inter\u00e9s de tu Cr\u00e9dito Hipotecario ser\u00e1 determinada por el porcentaje de financiamiento que requieras.<\/p>\n<h3>Con Cr\u00e9dito Hipotecario HSBC tendr\u00e1s excelentes beneficios<\/h3>\n<p>Hoy cuentas con diversas opciones de Cr\u00e9dito Hipotecario con beneficios especiales para la compra de tu casa o departamento o simplemente como una inversi\u00f3n.<\/p>\n<p>Cr\u00e9dito Hipotecario HSBC te ofrece atractivas condiciones de pago inicial, tasa y en el Costo Anual Total (CAT).<\/p>\n<p>Elige la tasa de inter\u00e9s de tu Cr\u00e9dito Hipotecario con base al porcentaje de financiamiento que requieras.<\/p>\n","protected":false},"excerpt":{"rendered":"<p>Cr\u00e9dito HSBC El Cr\u00e9dito \u00a0HSBC \u00a0Hipotecario tiene las mejores condiciones en HSBC para la compra de tu casa o departamento. Construye tu patrimonio con Cr\u00e9dito Hipotecario HSBC Si deseas hacer crecer tu patrimonio, en HSBC siempre buscamos ofrecer excelentes oportunidades para lograrlo. Adquiere un Cr\u00e9dito Hipotecario con las mejores condiciones en HSBC. La tasa de&#8230;<\/p>\n","protected":false},"author":1,"featured_media":0,"parent":0,"menu_order":0,"comment_status":"closed","ping_status":"closed","template":"","meta":{"footnotes":""},"class_list":["post-7845","page","type-page","status-publish","hentry"],"_links":{"self":[{"href":"https:\/\/casaopcion.com\/en\/wp-json\/wp\/v2\/pages\/7845","targetHints":{"allow":["GET"]}}],"collection":[{"href":"https:\/\/casaopcion.com\/en\/wp-json\/wp\/v2\/pages"}],"about":[{"href":"https:\/\/casaopcion.com\/en\/wp-json\/wp\/v2\/types\/page"}],"author":[{"embeddable":true,"href":"https:\/\/casaopcion.com\/en\/wp-json\/wp\/v2\/users\/1"}],"replies":[{"embeddable":true,"href":"https:\/\/casaopcion.com\/en\/wp-json\/wp\/v2\/comments?post=7845"}],"version-history":[{"count":3,"href":"https:\/\/casaopcion.com\/en\/wp-json\/wp\/v2\/pages\/7845\/revisions"}],"predecessor-version":[{"id":7898,"href":"https:\/\/casaopcion.com\/en\/wp-json\/wp\/v2\/pages\/7845\/revisions\/7898"}],"wp:attachment":[{"href":"https:\/\/casaopcion.com\/en\/wp-json\/wp\/v2\/media?parent=7845"}],"curies":[{"name":"wp","href":"https:\/\/api.w.org\/{rel}","templated":true}]}}