{"id":7840,"date":"2022-08-23T21:56:13","date_gmt":"2022-08-23T21:56:13","guid":{"rendered":"https:\/\/casaopcion.xyz\/es\/?page_id=7840"},"modified":"2022-08-23T22:17:11","modified_gmt":"2022-08-23T22:17:11","slug":"issfam-credito-hipotecario","status":"publish","type":"page","link":"https:\/\/casaopcion.com\/en\/issfam-credito-hipotecario\/","title":{"rendered":"ISSFAM"},"content":{"rendered":"<p><img loading=\"lazy\" decoding=\"async\" class=\" wp-image-7756 aligncenter\" src=\"https:\/\/casaopcion.com\/es\/wp-content\/uploads\/2022\/08\/logo-issfam.jpg\" alt=\"\" width=\"191\" height=\"191\" srcset=\"https:\/\/casaopcion.com\/en\/wp-content\/uploads\/2022\/08\/logo-issfam.jpg 300w, https:\/\/casaopcion.com\/en\/wp-content\/uploads\/2022\/08\/logo-issfam-150x150.jpg 150w, https:\/\/casaopcion.com\/en\/wp-content\/uploads\/2022\/08\/logo-issfam-210x210.jpg 210w\" sizes=\"auto, (max-width: 191px) 100vw, 191px\" \/><\/p>\n<h3>ISSFAM<\/h3>\n<p><strong>ISSFAM<\/strong>. El objetivo del apartado de Tr\u00e1mites y Servicios es en primer lugar que el usuario tenga acceso total y de forma f\u00e1cil a la informaci\u00f3n relacionada con las prestaciones, beneficios y adem\u00e1s\u00a0servicios que proporciona este Instituto y en caso de requerirlo, se presente al ISSFAM con la menor cantidad de dudas y documentaci\u00f3n completa para la realizaci\u00f3n de cualquier tr\u00e1mite.<\/p>\n<p>Los documentos de identificaci\u00f3n que expida el Instituto ser\u00e1n v\u00e1lidos para ejercer los derechos a las prestaciones y tambi\u00e9n beneficios.<\/p>\n<p>La Ley del ISSFAM contempla aspectos legales y morales que trascienden del personal militar hasta el seno familiar; y por ello, es necesario que el y la militar mantenga informados a sus derechohabientes sobre los beneficios que establece la Ley y la forma de obtenerlos.<\/p>\n<h3>Cr\u00e9ditos Hipotecarios<\/h3>\n<p>Prestaci\u00f3n econ\u00f3mica que se otorga para la adquisici\u00f3n de vivienda, construcci\u00f3n, ampliaci\u00f3n o reparaci\u00f3n y pago de pasivos (deuda hipotecaria contra\u00edda con alg\u00fan banco o seguradora), a militares en activo que tengan 6 a\u00f1os de aportaciones por parte del Gobierno Federal a su favor, al Fondo de la Vivienda Militar.<\/p>\n<p>Como primer paso, para poder acceder a un cr\u00e9dito hipotecario, se deber\u00e1 entregar la solicitud inicial con la documentaci\u00f3n requerida anexa al formato, con los datos necesarios en: Oficial\u00eda de Partes del Organismo al que pertenezca el militar, quienes dirigen la solicitud al Instituto.<\/p>\n<p>O bien, en el Instituto mismo, en la Direcci\u00f3n de Vivienda \/ Departamento de Cr\u00e9ditos Hipotecarios y en su Oficial\u00eda de Partes hasta 21:00 hrs., Avenida Industria Militar 1053, Colonia Lomas de Sotelo, Delegaci\u00f3n Miguel Hidalgo, D.F. (ubicada en planta baja del ISSFAM).<\/p>\n","protected":false},"excerpt":{"rendered":"<p>ISSFAM ISSFAM. El objetivo del apartado de Tr\u00e1mites y Servicios es en primer lugar que el usuario tenga acceso total y de forma f\u00e1cil a la informaci\u00f3n relacionada con las prestaciones, beneficios y adem\u00e1s\u00a0servicios que proporciona este Instituto y en caso de requerirlo, se presente al ISSFAM con la menor cantidad de dudas y documentaci\u00f3n&#8230;<\/p>\n","protected":false},"author":1,"featured_media":0,"parent":0,"menu_order":0,"comment_status":"closed","ping_status":"closed","template":"","meta":{"footnotes":""},"class_list":["post-7840","page","type-page","status-publish","hentry"],"_links":{"self":[{"href":"https:\/\/casaopcion.com\/en\/wp-json\/wp\/v2\/pages\/7840","targetHints":{"allow":["GET"]}}],"collection":[{"href":"https:\/\/casaopcion.com\/en\/wp-json\/wp\/v2\/pages"}],"about":[{"href":"https:\/\/casaopcion.com\/en\/wp-json\/wp\/v2\/types\/page"}],"author":[{"embeddable":true,"href":"https:\/\/casaopcion.com\/en\/wp-json\/wp\/v2\/users\/1"}],"replies":[{"embeddable":true,"href":"https:\/\/casaopcion.com\/en\/wp-json\/wp\/v2\/comments?post=7840"}],"version-history":[{"count":3,"href":"https:\/\/casaopcion.com\/en\/wp-json\/wp\/v2\/pages\/7840\/revisions"}],"predecessor-version":[{"id":7896,"href":"https:\/\/casaopcion.com\/en\/wp-json\/wp\/v2\/pages\/7840\/revisions\/7896"}],"wp:attachment":[{"href":"https:\/\/casaopcion.com\/en\/wp-json\/wp\/v2\/media?parent=7840"}],"curies":[{"name":"wp","href":"https:\/\/api.w.org\/{rel}","templated":true}]}}