{"id":7829,"date":"2022-08-23T21:51:52","date_gmt":"2022-08-23T21:51:52","guid":{"rendered":"https:\/\/casaopcion.xyz\/es\/?page_id=7829"},"modified":"2022-08-23T22:16:19","modified_gmt":"2022-08-23T22:16:19","slug":"ipejal-credito","status":"publish","type":"page","link":"https:\/\/casaopcion.com\/en\/ipejal-credito\/","title":{"rendered":"IPEJAL"},"content":{"rendered":"<h2 align=\"justify\"><img loading=\"lazy\" decoding=\"async\" class=\" wp-image-7751 aligncenter\" src=\"https:\/\/casaopcion.com\/es\/wp-content\/uploads\/2022\/08\/logo-ipejal.jpg\" alt=\"\" width=\"186\" height=\"186\" srcset=\"https:\/\/casaopcion.com\/en\/wp-content\/uploads\/2022\/08\/logo-ipejal.jpg 300w, https:\/\/casaopcion.com\/en\/wp-content\/uploads\/2022\/08\/logo-ipejal-150x150.jpg 150w, https:\/\/casaopcion.com\/en\/wp-content\/uploads\/2022\/08\/logo-ipejal-210x210.jpg 210w\" sizes=\"auto, (max-width: 186px) 100vw, 186px\" \/><\/h2>\n<h3 align=\"justify\">IPEJAL<\/h3>\n<p>Misi\u00f3n y visi\u00f3n IPEJAL.<\/p>\n<div class=\"item Mision\">\n<div class=\"inner\">\n<div class=\"section bg-grey-light\">\n<h3 class=\"block-title\"><strong>MISI\u00d3N<\/strong><\/h3>\n<p class=\"text-center\">Proporcionar seguridad social a los afiliados, pensionados y sus beneficiarios, garantizando derechos y beneficios que les permitan mejorar su calidad de vida.<\/p>\n<\/div>\n<\/div>\n<\/div>\n<div class=\"item Vision\">\n<div class=\"inner\">\n<div class=\"section bg-grey-light\">\n<h3 class=\"block-title\"><strong>VISI\u00d3N<\/strong><\/h3>\n<p class=\"text-center\">Ser una Instituci\u00f3n transparente, de vanguardia y con solvencia financiera, que garantice prestaciones accesibles y oportunas con calidad y calidez a sus afiliados, pensionados y beneficiarios.<\/p>\n<p class=\"text-center\">\n<\/div>\n<\/div>\n<\/div>\n<p align=\"justify\"><span class=\"main\" lang=\"ES-TRAD\"><strong>Servicio:<\/strong>\u00a0En primero lugar resolvemos las necesidades de nuestros clientes con esmero, experiencia y tambi\u00e9n atenci\u00f3n personalizada<\/span><span class=\"main\" lang=\"es-mx\">.<\/span><\/p>\n<p class=\"main\" align=\"justify\"><strong>Tiempos:<\/strong>\u00a0atendemos los requerimientos de nuestros clientes con tiempos de respuesta oportunos<\/p>\n<p align=\"justify\"><span class=\"main\" lang=\"ES-TRAD\"><strong>Costos:<\/strong>\u00a0Adem\u00e1s ofrecemos costos competitivos, buscando una relaci\u00f3n de negocios de largo plazo<\/span><span class=\"main\" lang=\"es-mx\">.<\/span><\/p>\n<p align=\"justify\"><span class=\"main\" lang=\"ES-TRAD\"><strong>Asesor\u00eda:<\/strong>\u00a0Tambi\u00e9n aportamos creatividad y conocimiento para enriquecer los proyectos de nuestros clientes<\/span><span class=\"main\" lang=\"es-mx\">.<\/span><\/p>\n<h3>Condiciones de operaci\u00f3n<\/h3>\n<div>\n<ul class=\"requisitos\">\n<li>El monto del pr\u00e9stamo hipotecario podr\u00e1 ser hasta de 330 salarios m\u00ednimos mensuales de la Zona Metropolitana.<\/li>\n<li>El monto del pr\u00e9stamo de liquidez a mediano plazo no podr\u00e1 exceder de 200 salarios m\u00ednimos de la Zona Metropolitana.<\/li>\n<li>El importe del pr\u00e9stamo no exceder\u00e1 del 95% del valor realizado por IPEJAL.<\/li>\n<li>El plazo del pr\u00e9stamo podr\u00e1 ser a 5, 10 y tambi\u00e9n 15 a\u00f1os.<\/li>\n<li>La tasa de inter\u00e9s para el esquema de 5 a\u00f1os es de 6%, a 10 a\u00f1os ser\u00e1 6.5%, y para el de 15 a\u00f1os ser\u00e1 de 7% anual.<\/li>\n<li>Se pagar\u00e1 una cuota para el fondo de garant\u00eda, de acuerdo a la edad y al monto de cr\u00e9dito autorizado.<\/li>\n<li>El pago inicial ser\u00e1 de $ 19.31 para el esquema de 5 a\u00f1os, de $ 11.34 para el esquema de 10 a\u00f1os y de $ 8.98 para el de 15 a\u00f1os por cada mil de cr\u00e9dito con incremento en la misma proporci\u00f3n que se incremente el salario m\u00ednimo.<\/li>\n<li>Su primer pago ser\u00e1 la quincena inmediata posterior a la firma del contrato de cr\u00e9dito. En caso contrario deber\u00e1 hacer la aportaci\u00f3n correspondiente en las cajas de la IPEJAL.<\/li>\n<\/ul>\n<\/div>\n","protected":false},"excerpt":{"rendered":"<p>IPEJAL Misi\u00f3n y visi\u00f3n IPEJAL. MISI\u00d3N Proporcionar seguridad social a los afiliados, pensionados y sus beneficiarios, garantizando derechos y beneficios que les permitan mejorar su calidad de vida. VISI\u00d3N Ser una Instituci\u00f3n transparente, de vanguardia y con solvencia financiera, que garantice prestaciones accesibles y oportunas con calidad y calidez a sus afiliados, pensionados y beneficiarios&#8230;.<\/p>\n","protected":false},"author":1,"featured_media":0,"parent":0,"menu_order":0,"comment_status":"closed","ping_status":"closed","template":"","meta":{"footnotes":""},"class_list":["post-7829","page","type-page","status-publish","hentry"],"_links":{"self":[{"href":"https:\/\/casaopcion.com\/en\/wp-json\/wp\/v2\/pages\/7829","targetHints":{"allow":["GET"]}}],"collection":[{"href":"https:\/\/casaopcion.com\/en\/wp-json\/wp\/v2\/pages"}],"about":[{"href":"https:\/\/casaopcion.com\/en\/wp-json\/wp\/v2\/types\/page"}],"author":[{"embeddable":true,"href":"https:\/\/casaopcion.com\/en\/wp-json\/wp\/v2\/users\/1"}],"replies":[{"embeddable":true,"href":"https:\/\/casaopcion.com\/en\/wp-json\/wp\/v2\/comments?post=7829"}],"version-history":[{"count":3,"href":"https:\/\/casaopcion.com\/en\/wp-json\/wp\/v2\/pages\/7829\/revisions"}],"predecessor-version":[{"id":7892,"href":"https:\/\/casaopcion.com\/en\/wp-json\/wp\/v2\/pages\/7829\/revisions\/7892"}],"wp:attachment":[{"href":"https:\/\/casaopcion.com\/en\/wp-json\/wp\/v2\/media?parent=7829"}],"curies":[{"name":"wp","href":"https:\/\/api.w.org\/{rel}","templated":true}]}}