{"id":7823,"date":"2022-08-23T21:49:48","date_gmt":"2022-08-23T21:49:48","guid":{"rendered":"https:\/\/casaopcion.xyz\/es\/?page_id=7823"},"modified":"2022-08-23T22:15:49","modified_gmt":"2022-08-23T22:15:49","slug":"credi-bajio","status":"publish","type":"page","link":"https:\/\/casaopcion.com\/en\/credi-bajio\/","title":{"rendered":"CrediBaj\u00edo"},"content":{"rendered":"<h2><img loading=\"lazy\" decoding=\"async\" class=\"wp-image-7747 aligncenter\" src=\"https:\/\/casaopcion.com\/es\/wp-content\/uploads\/2022\/08\/logo-banbajio.jpg\" alt=\"\" width=\"196\" height=\"196\" srcset=\"https:\/\/casaopcion.com\/en\/wp-content\/uploads\/2022\/08\/logo-banbajio.jpg 300w, https:\/\/casaopcion.com\/en\/wp-content\/uploads\/2022\/08\/logo-banbajio-150x150.jpg 150w, https:\/\/casaopcion.com\/en\/wp-content\/uploads\/2022\/08\/logo-banbajio-210x210.jpg 210w\" sizes=\"auto, (max-width: 196px) 100vw, 196px\" \/><\/h2>\n<h3>CrediBaj\u00edo<\/h3>\n<p class=\"sucursalDatos\">En\u00a0<span class=\"tituloArticuloParrafo\">BanBaj\u00edo\u00a0<\/span><span class=\"textoParrafoGris\">ponemos a sus \u00f3rdenes \u00a0en primer lugar todos los productos y servicios de la banca m\u00faltiple, con servicio y atenci\u00f3n especializada en banca empresarial y comercial.<\/span><\/p>\n<p class=\"textoParrafoGris\">Con sede en la ciudad de Le\u00f3n, Guanajuato, somos una instituci\u00f3n con capital mayoritariamente mexicano. Nuestro prop\u00f3sito es potencializar el desarrollo econ\u00f3mico, orientando el financiamiento a las peque\u00f1as y medianas empresas as\u00ed como al sector agroalimentario; igualmente a segmentos de alto crecimiento como los cr\u00e9ditos al consumo e hipotecarios.<\/p>\n<p><strong>DEFINICIONES<\/strong><\/p>\n<p>CrediBaj\u00edo Casa con pagos fijos Esta modalidad del producto hipotecario es aquel en que los pagos son iguales durante todo el plazo del cr\u00e9dito.<\/p>\n<p>Para estas modalidades aplican los t\u00e9rminos y condiciones que se describen a continuaci\u00f3n:<\/p>\n<p><strong>T\u00c9RMINOS Y CONDICIONES<\/strong><\/p>\n<p>El destino del cr\u00e9dito hipotecario es:<\/p>\n<ul>\n<li>Para la adquisici\u00f3n de casa nueva o usada<\/li>\n<li>Para la adquisici\u00f3n de terreno<\/li>\n<li>Remodelaci\u00f3n de vivienda media o residencial<\/li>\n<li>Cambio o sustituci\u00f3n de acreedor o deudor<\/li>\n<li>Terminaci\u00f3n de obra<\/li>\n<li>Sustituci\u00f3n de acreedor \/ liquidez<\/li>\n<li>Liquidez<\/li>\n<li>Adquisici\u00f3n de oficinas para profesionistas<\/li>\n<\/ul>\n<p>Aplica a viviendas y residencias de uso particular localizadas en zona urbana y que cuenten con los servicios b\u00e1sicos de: agua, energ\u00eda el\u00e9ctrica, drenaje, banquetas adem\u00e1s de pavimento.<\/p>\n<p><strong>ADQUISICI\u00d3N<\/strong><\/p>\n<ul>\n<li>El monto m\u00e1ximo financiable ser\u00e1 del 80% del valor de la vivienda para cr\u00e9ditos menores de $4 millones. El monto m\u00ednimo de financiamiento es de $225,000. El valor m\u00ednimo de la vivienda a adquirir deber\u00e1 ser de $500,000.<\/li>\n<li>Para asalariados y pensionados que perciban ingresos de Estados Unidos el monto m\u00e1ximo financieble ser\u00e1 del 50% y el ingreso m\u00ednimo es de $2,400 d\u00f3lares americanos.<\/li>\n<\/ul>\n<p>Todo esto sobre valor de aval\u00fao y\/o de compra del inmueble objeto de la operaci\u00f3n, adem\u00e1s\u00a0considerando siempre el m\u00e1s bajo de ambos.<\/p>\n","protected":false},"excerpt":{"rendered":"<p>CrediBaj\u00edo En\u00a0BanBaj\u00edo\u00a0ponemos a sus \u00f3rdenes \u00a0en primer lugar todos los productos y servicios de la banca m\u00faltiple, con servicio y atenci\u00f3n especializada en banca empresarial y comercial. Con sede en la ciudad de Le\u00f3n, Guanajuato, somos una instituci\u00f3n con capital mayoritariamente mexicano. Nuestro prop\u00f3sito es potencializar el desarrollo econ\u00f3mico, orientando el financiamiento a las peque\u00f1as&#8230;<\/p>\n","protected":false},"author":1,"featured_media":0,"parent":0,"menu_order":0,"comment_status":"closed","ping_status":"closed","template":"","meta":{"footnotes":""},"class_list":["post-7823","page","type-page","status-publish","hentry"],"_links":{"self":[{"href":"https:\/\/casaopcion.com\/en\/wp-json\/wp\/v2\/pages\/7823","targetHints":{"allow":["GET"]}}],"collection":[{"href":"https:\/\/casaopcion.com\/en\/wp-json\/wp\/v2\/pages"}],"about":[{"href":"https:\/\/casaopcion.com\/en\/wp-json\/wp\/v2\/types\/page"}],"author":[{"embeddable":true,"href":"https:\/\/casaopcion.com\/en\/wp-json\/wp\/v2\/users\/1"}],"replies":[{"embeddable":true,"href":"https:\/\/casaopcion.com\/en\/wp-json\/wp\/v2\/comments?post=7823"}],"version-history":[{"count":4,"href":"https:\/\/casaopcion.com\/en\/wp-json\/wp\/v2\/pages\/7823\/revisions"}],"predecessor-version":[{"id":7891,"href":"https:\/\/casaopcion.com\/en\/wp-json\/wp\/v2\/pages\/7823\/revisions\/7891"}],"wp:attachment":[{"href":"https:\/\/casaopcion.com\/en\/wp-json\/wp\/v2\/media?parent=7823"}],"curies":[{"name":"wp","href":"https:\/\/api.w.org\/{rel}","templated":true}]}}