{"id":7813,"date":"2022-08-23T21:37:11","date_gmt":"2022-08-23T21:37:11","guid":{"rendered":"https:\/\/casaopcion.xyz\/es\/?page_id=7813"},"modified":"2022-08-23T22:18:39","modified_gmt":"2022-08-23T22:18:39","slug":"apoyo-infonavit","status":"publish","type":"page","link":"https:\/\/casaopcion.com\/en\/apoyo-infonavit\/","title":{"rendered":"Apoyo Infonavit"},"content":{"rendered":"<h2><img loading=\"lazy\" decoding=\"async\" class=\"wp-image-7739 aligncenter\" src=\"https:\/\/casaopcion.com\/es\/wp-content\/uploads\/2022\/08\/logo-apoyo-infonavit.jpg\" alt=\"\" width=\"196\" height=\"196\" srcset=\"https:\/\/casaopcion.com\/en\/wp-content\/uploads\/2022\/08\/logo-apoyo-infonavit.jpg 300w, https:\/\/casaopcion.com\/en\/wp-content\/uploads\/2022\/08\/logo-apoyo-infonavit-150x150.jpg 150w, https:\/\/casaopcion.com\/en\/wp-content\/uploads\/2022\/08\/logo-apoyo-infonavit-210x210.jpg 210w\" sizes=\"auto, (max-width: 196px) 100vw, 196px\" \/><\/h2>\n<h3>Apoyo Infonavit<\/h3>\n<p class=\"main\" align=\"left\">Apoyo Infonavit es un cr\u00e9dito exclusivo para trabajadores que cotizan en el Infonavit, sin embargo, el financiamiento lo otorgan bancos y sofoles. Consiste en un apoyo para otorgar un 5% de cr\u00e9dito adicional a los porcentajes que normalmente presta las SHF y los bancos.<\/p>\n<h3 class=\"main\" align=\"left\"><strong>Para Cr\u00e9dito en PESOS<\/strong><\/h3>\n<p class=\"main\" align=\"left\">Tasa fija.<br \/>\nValor de vivienda a financiar: Desde $170,000.00 hasta $1\u2019819,868.64 pesos<br \/>\nPlazo 5, 10, 15 y 20 a\u00f1os<\/p>\n<h3><strong>Para Cr\u00e9dito en UDIS<\/strong><\/h3>\n<p>La mensualidad se fija en pesos y s\u00f3lo se incrementa anualmente en la misma proporci\u00f3n del incremento del SMMVDF (salario m\u00ednimo mensual vigente en el Distrito Federal).<br \/>\nValor de vivienda a financiar: Desde $170,000.00 hasta $1\u2019819,868.64 pesos<br \/>\nPlazo: 5, 10, 15, 20 y 25 a\u00f1os.<\/p>\n<p class=\"main\">Beneficios<\/p>\n<ol>\n<li><span class=\"main\">Al contar con Apoyo Infonavit, el 5% de las aportaciones patronales se aplican directamente<br \/>\nal capital. Con esto se reduce la vida del cr\u00e9dito ya que una parte del cr\u00e9dito la paga su patr\u00f3n<br \/>\nmientras tenga actividad laboral y la otra usted.<\/span><\/li>\n<li><span class=\"main\">Si el acreditado pierde el empleo, \u00e9ste podr\u00e1 seguir pagando oportunamente ya que el saldo de la<br \/>\nsubcuenta de vivienda paga puntual su mensualidad.<\/span><\/li>\n<li><span class=\"main\">Se puede incrementar el porcentaje de financiamiento hasta un 5% adicional<\/span><\/li>\n<li><span class=\"main\">El valor m\u00e1ximo de vivienda a financiar es por $ 1\u2019819,868.64<\/span><\/li>\n<li class=\"main\">Puede conseguir su cr\u00e9dito INFONAVIT al terminar de pagar su cr\u00e9dito Apoyo INFONAVIT.<\/li>\n<\/ol>\n<p class=\"main\">Requisitos<\/p>\n<ol>\n<li><span class=\"main\">Ser derechohabiente del INFONAVIT, con relaci\u00f3n laboral vigente.<\/span><\/li>\n<li><span class=\"main\">No contar con un cr\u00e9dito INFONAVIT vigente.<\/span><\/li>\n<li><span class=\"main\">Haber cotizado m\u00ednimo 4 bimestres con INFONAVIT.<\/span><\/li>\n<li><span class=\"main\">Firmar la Carta de Instrucci\u00f3n Irrevocable.<\/span><\/li>\n<li class=\"main\">Cumplir con las pol\u00edticas de cr\u00e9dito de la instituci\u00f3n financiera elegida<\/li>\n<\/ol>\n","protected":false},"excerpt":{"rendered":"<p>Apoyo Infonavit Apoyo Infonavit es un cr\u00e9dito exclusivo para trabajadores que cotizan en el Infonavit, sin embargo, el financiamiento lo otorgan bancos y sofoles. Consiste en un apoyo para otorgar un 5% de cr\u00e9dito adicional a los porcentajes que normalmente presta las SHF y los bancos. Para Cr\u00e9dito en PESOS Tasa fija. Valor de vivienda&#8230;<\/p>\n","protected":false},"author":1,"featured_media":0,"parent":0,"menu_order":0,"comment_status":"closed","ping_status":"closed","template":"","meta":{"footnotes":""},"class_list":["post-7813","page","type-page","status-publish","hentry"],"_links":{"self":[{"href":"https:\/\/casaopcion.com\/en\/wp-json\/wp\/v2\/pages\/7813","targetHints":{"allow":["GET"]}}],"collection":[{"href":"https:\/\/casaopcion.com\/en\/wp-json\/wp\/v2\/pages"}],"about":[{"href":"https:\/\/casaopcion.com\/en\/wp-json\/wp\/v2\/types\/page"}],"author":[{"embeddable":true,"href":"https:\/\/casaopcion.com\/en\/wp-json\/wp\/v2\/users\/1"}],"replies":[{"embeddable":true,"href":"https:\/\/casaopcion.com\/en\/wp-json\/wp\/v2\/comments?post=7813"}],"version-history":[{"count":3,"href":"https:\/\/casaopcion.com\/en\/wp-json\/wp\/v2\/pages\/7813\/revisions"}],"predecessor-version":[{"id":9198,"href":"https:\/\/casaopcion.com\/en\/wp-json\/wp\/v2\/pages\/7813\/revisions\/9198"}],"wp:attachment":[{"href":"https:\/\/casaopcion.com\/en\/wp-json\/wp\/v2\/media?parent=7813"}],"curies":[{"name":"wp","href":"https:\/\/api.w.org\/{rel}","templated":true}]}}