{"id":7808,"date":"2022-08-23T21:34:52","date_gmt":"2022-08-23T21:34:52","guid":{"rendered":"https:\/\/casaopcion.xyz\/es\/?page_id=7808"},"modified":"2022-08-23T22:13:57","modified_gmt":"2022-08-23T22:13:57","slug":"fovissste-puerto-vallarta","status":"publish","type":"page","link":"https:\/\/casaopcion.com\/en\/fovissste-puerto-vallarta\/","title":{"rendered":"Fovissste Puerto Vallarta"},"content":{"rendered":"<h2 align=\"justify\"><img loading=\"lazy\" decoding=\"async\" class=\" wp-image-7735 aligncenter\" src=\"https:\/\/casaopcion.com\/es\/wp-content\/uploads\/2022\/08\/logo-fovissste.jpg\" alt=\"\" width=\"161\" height=\"161\" srcset=\"https:\/\/casaopcion.com\/en\/wp-content\/uploads\/2022\/08\/logo-fovissste.jpg 300w, https:\/\/casaopcion.com\/en\/wp-content\/uploads\/2022\/08\/logo-fovissste-150x150.jpg 150w, https:\/\/casaopcion.com\/en\/wp-content\/uploads\/2022\/08\/logo-fovissste-210x210.jpg 210w\" sizes=\"auto, (max-width: 161px) 100vw, 161px\" \/><\/h2>\n<h3 class=\"main\" align=\"justify\"><strong>CR\u00c9DITO FOVISSSTE<\/strong><\/h3>\n<p class=\"main\" align=\"justify\">El cr\u00e9dito FOVISSSTE es un cr\u00e9dito que otorga el Instituto de Seguridad y Servicios Sociales de los trabajadores del Estado.<\/p>\n<p class=\"main\" align=\"justify\">Son sujetos de cr\u00e9dito todos los derechohabientes que se encuentran en la lista final del Sorteo FOVISSSTE. El cr\u00e9dito depender\u00e1 del monto del que aparezca en el sistema de Fovissste y se calcula de acuerdo al salario base de cotizaci\u00f3n.<\/p>\n<p class=\"main\" align=\"justify\">Caracter\u00edsticas<br \/>\nEl tramite de escrituraci\u00f3n se realiza a trav\u00e9s de una SOFOL<br \/>\nLa tasa de inter\u00e9s es la m\u00e1s baja del mercado 5 y 6%<br \/>\nEl pago de su mensualidad es equivalente al 30% de su sueldo base<\/p>\n<ul>\n<li class=\"main\">Requisitos para solicitar un cr\u00e9dito FOVISSSTE<\/li>\n<\/ul>\n<div align=\"justify\">\n<ol>\n<li><span class=\"main\">No haber sido beneficiario de un cr\u00e9dito del FOVISSSTE<\/span><\/li>\n<li><span class=\"main\">Contar con una antig\u00fcedad m\u00ednima de 18 meses de aportaci\u00f3n a la subcuenta de vivienda del sistema de ahorro para el retiro (SAR)<\/span><\/li>\n<li class=\"main\">Ser trabajador derechohabiente del Fondo en activo<\/li>\n<\/ol>\n<\/div>\n<ul>\n<li class=\"main\">Si el cliente result\u00f3 sorteado es necesario que entregue la siguiente documentaci\u00f3n.<\/li>\n<\/ul>\n<div align=\"justify\">\n<ol>\n<li><span class=\"main\">Copia del tal\u00f3n de pago de la \u00faltima quincena.<\/span><\/li>\n<li><span class=\"main\">Estado de cuenta SAR del a\u00f1o en curso.}<\/span><\/li>\n<li><span class=\"main\">Copia legible de la Clave \u00fanica de Registro de Poblaci\u00f3n (CURP)<\/span><\/li>\n<li><span class=\"main\">Copia legible de una identificaci\u00f3n oficial vigente con fotograf\u00eda y firmada<\/span><\/li>\n<li><span class=\"main\">Copia del domicilio actual.<\/span><\/li>\n<li><span class=\"main\">Constancia de servicios original, que acredite la antig\u00fcedad de cotizaci\u00f3n en el FOVISSSTE<\/span><\/li>\n<li><span class=\"main\">Copia de acta de nacimiento<\/span><\/li>\n<li class=\"main\">Copia de acta de matrimonio (en su caso)<\/li>\n<\/ol>\n<\/div>\n","protected":false},"excerpt":{"rendered":"<p>CR\u00c9DITO FOVISSSTE El cr\u00e9dito FOVISSSTE es un cr\u00e9dito que otorga el Instituto de Seguridad y Servicios Sociales de los trabajadores del Estado. Son sujetos de cr\u00e9dito todos los derechohabientes que se encuentran en la lista final del Sorteo FOVISSSTE. El cr\u00e9dito depender\u00e1 del monto del que aparezca en el sistema de Fovissste y se calcula&#8230;<\/p>\n","protected":false},"author":1,"featured_media":0,"parent":0,"menu_order":0,"comment_status":"closed","ping_status":"closed","template":"","meta":{"footnotes":""},"class_list":["post-7808","page","type-page","status-publish","hentry"],"_links":{"self":[{"href":"https:\/\/casaopcion.com\/en\/wp-json\/wp\/v2\/pages\/7808","targetHints":{"allow":["GET"]}}],"collection":[{"href":"https:\/\/casaopcion.com\/en\/wp-json\/wp\/v2\/pages"}],"about":[{"href":"https:\/\/casaopcion.com\/en\/wp-json\/wp\/v2\/types\/page"}],"author":[{"embeddable":true,"href":"https:\/\/casaopcion.com\/en\/wp-json\/wp\/v2\/users\/1"}],"replies":[{"embeddable":true,"href":"https:\/\/casaopcion.com\/en\/wp-json\/wp\/v2\/comments?post=7808"}],"version-history":[{"count":3,"href":"https:\/\/casaopcion.com\/en\/wp-json\/wp\/v2\/pages\/7808\/revisions"}],"predecessor-version":[{"id":7887,"href":"https:\/\/casaopcion.com\/en\/wp-json\/wp\/v2\/pages\/7808\/revisions\/7887"}],"wp:attachment":[{"href":"https:\/\/casaopcion.com\/en\/wp-json\/wp\/v2\/media?parent=7808"}],"curies":[{"name":"wp","href":"https:\/\/api.w.org\/{rel}","templated":true}]}}