{"id":7795,"date":"2022-08-23T21:29:44","date_gmt":"2022-08-23T21:29:44","guid":{"rendered":"https:\/\/casaopcion.xyz\/es\/?page_id=7795"},"modified":"2022-08-23T22:20:16","modified_gmt":"2022-08-23T22:20:16","slug":"santander","status":"publish","type":"page","link":"https:\/\/casaopcion.com\/en\/santander\/","title":{"rendered":"Santander"},"content":{"rendered":"<h2><img loading=\"lazy\" decoding=\"async\" class=\" wp-image-7724 aligncenter\" src=\"https:\/\/casaopcion.com\/es\/wp-content\/uploads\/2022\/08\/logo-santander.jpg\" alt=\"\" width=\"197\" height=\"197\" srcset=\"https:\/\/casaopcion.com\/en\/wp-content\/uploads\/2022\/08\/logo-santander.jpg 300w, https:\/\/casaopcion.com\/en\/wp-content\/uploads\/2022\/08\/logo-santander-150x150.jpg 150w, https:\/\/casaopcion.com\/en\/wp-content\/uploads\/2022\/08\/logo-santander-210x210.jpg 210w\" sizes=\"auto, (max-width: 197px) 100vw, 197px\" \/><\/h2>\n<h3>Santander<\/h3>\n<p>Si de cr\u00e9ditos hipotecarios se trata, Santander Hipotecario es la respuesta que necesitas.<\/p>\n<p>S\u00f3lo Santander Hipotecario te ofrece los mejores esquemas y una amplia gama de productos dise\u00f1ados especialmente a tu medida, manteniendo las caracter\u00edsticas y beneficios que nos distinguen de los dem\u00e1s:<\/p>\n<p>Mejores tasas de inter\u00e9s<br \/>\n<span class=\"red\">&gt;<\/span>\u00a0Pagos accesibles<br \/>\n<span class=\"red\">&gt;<\/span>\u00a0CAT\u00b4s m\u00e1s bajos<br \/>\n<span class=\"red\">&gt;<\/span>\u00a0Innovadores esquemas de seguro<\/p>\n<h3>BENEFICIOS<\/h3>\n<ul>\n<li>La tasa de inter\u00e9s es fija y muy baja<\/li>\n<li>dos esquemas de pagos a seleccionar: Pagos Fijos o Pagos Crecientes.<\/li>\n<li>Aplica para los programas de INFONAVIT Y FOVISSSTE<\/li>\n<li>Los intereses reales son deducibles<\/li>\n<\/ul>\n<h3>CARACTER\u00cdSTICAS<\/h3>\n<p>Cr\u00e9dito orientado para quien desea adquirir una vivienda terminada ya sea nueva o usada.<\/p>\n<p>Para la tasa 9.60% por Oferta de Temporada, el monto m\u00ednimo de cr\u00e9dito es de $600,000 y el m\u00e1ximo podr\u00e1 ser hasta el 90% del valor de la vivienda. (Excepto para el destino de Construcci\u00f3n. Vigencia del 1 de Septiembre al 30 de Octubre)<\/p>\n<p>&nbsp;<\/p>\n<p>Para la tasa 8.49 el monto m\u00ednimo del cr\u00e9dito es de $1,400,000 y el m\u00e1ximo podr\u00e1 ser hasta el 70% del valor de la vivienda.<\/p>\n<p>Este cr\u00e9dito se oferta con dos esquemas de Pago:<\/p>\n<p><strong>Pagos congelados<\/strong>: Para los clientes que buscan certidumbre en el pago ya que \u00e9ste se mantiene fijo por toda la vida del cr\u00e9dito.<\/p>\n<p><strong>Pagos crecientes:<\/strong>\u00a0Para los clientes que buscan un pago inicial muy bajo al principio de su cr\u00e9dito.<\/p>\n<p>Los destinos por los cuales se oferta este producto son:<\/p>\n<ul>\n<li>Apoyo INFONAVIT.<\/li>\n<li>Cofinanciamineto con el INFONAVIT<\/li>\n<li>FOVISSSTE Alia2<\/li>\n<li>FOVISSSTE Respalda2<\/li>\n<\/ul>\n","protected":false},"excerpt":{"rendered":"<p>Santander Si de cr\u00e9ditos hipotecarios se trata, Santander Hipotecario es la respuesta que necesitas. S\u00f3lo Santander Hipotecario te ofrece los mejores esquemas y una amplia gama de productos dise\u00f1ados especialmente a tu medida, manteniendo las caracter\u00edsticas y beneficios que nos distinguen de los dem\u00e1s: Mejores tasas de inter\u00e9s &gt;\u00a0Pagos accesibles &gt;\u00a0CAT\u00b4s m\u00e1s bajos &gt;\u00a0Innovadores esquemas&#8230;<\/p>\n","protected":false},"author":1,"featured_media":0,"parent":0,"menu_order":0,"comment_status":"closed","ping_status":"closed","template":"","meta":{"footnotes":""},"class_list":["post-7795","page","type-page","status-publish","hentry"],"_links":{"self":[{"href":"https:\/\/casaopcion.com\/en\/wp-json\/wp\/v2\/pages\/7795","targetHints":{"allow":["GET"]}}],"collection":[{"href":"https:\/\/casaopcion.com\/en\/wp-json\/wp\/v2\/pages"}],"about":[{"href":"https:\/\/casaopcion.com\/en\/wp-json\/wp\/v2\/types\/page"}],"author":[{"embeddable":true,"href":"https:\/\/casaopcion.com\/en\/wp-json\/wp\/v2\/users\/1"}],"replies":[{"embeddable":true,"href":"https:\/\/casaopcion.com\/en\/wp-json\/wp\/v2\/comments?post=7795"}],"version-history":[{"count":4,"href":"https:\/\/casaopcion.com\/en\/wp-json\/wp\/v2\/pages\/7795\/revisions"}],"predecessor-version":[{"id":7901,"href":"https:\/\/casaopcion.com\/en\/wp-json\/wp\/v2\/pages\/7795\/revisions\/7901"}],"wp:attachment":[{"href":"https:\/\/casaopcion.com\/en\/wp-json\/wp\/v2\/media?parent=7795"}],"curies":[{"name":"wp","href":"https:\/\/api.w.org\/{rel}","templated":true}]}}