{"id":7767,"date":"2022-08-23T20:43:49","date_gmt":"2022-08-23T20:43:49","guid":{"rendered":"https:\/\/casaopcion.xyz\/es\/?page_id=7767"},"modified":"2022-08-23T22:20:39","modified_gmt":"2022-08-23T22:20:39","slug":"cofinavit-puerto-vallarta","status":"publish","type":"page","link":"https:\/\/casaopcion.com\/en\/cofinavit-puerto-vallarta\/","title":{"rendered":"Cofinavit Puerto Vallarta"},"content":{"rendered":"<h3><img loading=\"lazy\" decoding=\"async\" class=\"aligncenter wp-image-7712 \" src=\"https:\/\/casaopcion.com\/es\/wp-content\/uploads\/2022\/08\/cofinavit-300x110.png\" alt=\"\" width=\"204\" height=\"75\" srcset=\"https:\/\/casaopcion.com\/en\/wp-content\/uploads\/2022\/08\/cofinavit-300x110.png 300w, https:\/\/casaopcion.com\/en\/wp-content\/uploads\/2022\/08\/cofinavit-150x55.png 150w, https:\/\/casaopcion.com\/en\/wp-content\/uploads\/2022\/08\/cofinavit.png 383w\" sizes=\"auto, (max-width: 204px) 100vw, 204px\" \/>Cofinavit Puerto Vallarta<\/h3>\n<p>En Cofinavit Puerto Vallarta Es un producto financiero creado por el Infonavit, compuesto por el cr\u00e9dito Infonavit m\u00e1s un cr\u00e9dito de una Entidad financiera, se utilizan recursos de ambas instituciones y el saldo de la subcuenta de vivienda que el trabajador tiene ahorrado se destina como pago inicial del cr\u00e9dito otorgado por el Instituto, reduci\u00e9ndole al derechohabiente el desembolso econ\u00f3mico para cubrir el enganche del inmueble.<\/p>\n<h3>VALOR M\u00c1XIMO PARA LA VIVIENDA<\/h3>\n<p>En Cofinavit Puerto Vallarta Su valor de la vivienda no debe ser superior a $517,848.80 en cualquier ciudad del pa\u00eds.<br \/>\nPlazos hasta 20 a\u00f1os en Pesos y 25 a\u00f1os en UDIS<br \/>\nFinanciamiento hasta el 85% en PESOS y 90% en UDIS del valor de la vivienda entre ambos cr\u00e9ditos<br \/>\nEl cr\u00e9dito que se otorga con SHF se pagar\u00e1 en los bancos asignados, sin descuento a la n\u00f3mina.<\/p>\n<h3>BENEFICIOS Cofinavit Puerto Vallarta<\/h3>\n<ol>\n<li>Una parte del cr\u00e9dito se lo otorga INFONAVIT y la otra parte se lo otorga la instituci\u00f3n financiera elegida<\/li>\n<li>Disponer el 100% del saldo de la Subcuenta de Vivienda.<\/li>\n<li>En algunos casos, el saldo de su Subcuenta de Vivienda ser\u00e1 suficiente para cubrir el enganche\u00a0o s\u00f3lo pagar enganche m\u00ednimo.<\/li>\n<li>Tus aportaciones patronales pagan el cr\u00e9dito del INFONAVIT.<\/li>\n<li>Se consideran sus ingresos y el de su c\u00f3nyuge si as\u00ed se decide.<\/li>\n<li>Se pueden agregar algunas percepciones adicionales para aumentar monto de cr\u00e9dito<\/li>\n<li>Gastos notariales preferenciales.<\/li>\n<li>Puede obtener cr\u00e9dito conyugal con INFONAVIT sumando los saldos de la Subcuenta de Vivienda\u00a0con el de su c\u00f3nyuge (Cr\u00e9dito INFONAVIT al 100% para el acreditado y al 75% para el c\u00f3nyuge).<\/li>\n<\/ol>\n<h3>REQUISITOS<\/h3>\n<ol>\n<li>Debe contar con el puntaje m\u00ednimo que INFONAVIT establece para el otorgamiento<br \/>\nde cr\u00e9dito (116 puntos)<\/li>\n<li>Relaci\u00f3n laboral vigente.<\/li>\n<li>No haber ejercido cr\u00e9dito con INFONAVIT.<\/li>\n<li>Cumplir con las pol\u00edticas de otorgamiento de cr\u00e9dito de la otra instituci\u00f3n financiera<\/li>\n<li>Edad entre 18 y 65 a\u00f1os.<\/li>\n<li>Comprobar ingresos mensuales de 3.33 veces mayor a la mensualidad a pagar y de 4 veces si el cr\u00e9dito es en UDIS.<\/li>\n<li>Comprobar arraigo domiciliario y en el empleo actual de por lo menos 3 meses.<\/li>\n<li>Contar con sano historial crediticio en el bur\u00f3 de cr\u00e9dito.<\/li>\n<\/ol>\n<h3>COFINANCIAMIENTO INGRESOS MIXTOS<\/h3>\n<p>Cr\u00e9dito dise\u00f1ado para trabajadores que no perciben en su salario la totalidad de sus ingresos y que no se integran a lo cotizado en el INFONAVIT, ya que estos dependen de propinas, gratificaciones o comisiones.<\/p>\n<p>El INFONAVIT otorga su cr\u00e9dito seg\u00fan los ingresos cotizados, por lo que cobrar\u00e1 una mensualidad descontada en la nomina del trabajador y la otra instituci\u00f3n financiera considera la totalidad de los ingresos comprobables para otorgar el monto del cr\u00e9dito adicional y la mensualidad se paga en los bancos asignados.<\/p>\n<p>Con la suma de ambos cr\u00e9ditos, el trabajador podr\u00e1 aumentar su capacidad de compra a una casa de mayor valor que la que obtiene con el cr\u00e9dito tradicional infonavit, conservando una relaci\u00f3n de pago adecuada entre los dos pagos de hipoteca y sus ingresos totales.<\/p>\n<p>Existe un ingreso m\u00e1ximo de cotizaci\u00f3n en el INFONAVIT de 3 veces el salario m\u00ednimo mensual del DF, es decir $4,268.16 para poder participar en este esquema.<\/p>\n<h3>Beneficios<\/h3>\n<ol>\n<li>Se toma en cuenta tu sueldo y tus ingresos adicionales.<\/li>\n<li>La parte que otorga INFONAVIT es con base a tu salario base de cotizaci\u00f3n y el de la otra instituci\u00f3n financiera en base a tus ingresos adicionales.<\/li>\n<li>Se reduce o no pagas diferencia entre el valor de la casa y el cr\u00e9dito.<\/li>\n<li>Compras la casa que tu quieras.<\/li>\n<li>Estrenas tu casa muy r\u00e1pido, una vez que tu cr\u00e9dito ha sido autorizado.<\/li>\n<li>Puedes solicitar tu cr\u00e9dito conyugal o sumar ingresos adicionales.<\/li>\n<\/ol>\n<h3>Requisitos<\/h3>\n<ol>\n<li>Relaci\u00f3n laboral vigente.<\/li>\n<li>Contar con 116 puntos en la precalificaci\u00f3n con el INFONAVIT.<\/li>\n<li>No haber tenido un cr\u00e9dito del INFONAVIT<\/li>\n<li>El valor de la casa no debe de ser superior de $517,848.80 (350 VSMMDF) en cualquier ciudad del pa\u00eds.<\/li>\n<li>Sueldo Formal de hasta 3 VSM<\/li>\n<\/ol>\n","protected":false},"excerpt":{"rendered":"<p>Cofinavit Puerto Vallarta En Cofinavit Puerto Vallarta Es un producto financiero creado por el Infonavit, compuesto por el cr\u00e9dito Infonavit m\u00e1s un cr\u00e9dito de una Entidad financiera, se utilizan recursos de ambas instituciones y el saldo de la subcuenta de vivienda que el trabajador tiene ahorrado se destina como pago inicial del cr\u00e9dito otorgado por&#8230;<\/p>\n","protected":false},"author":1,"featured_media":0,"parent":0,"menu_order":0,"comment_status":"closed","ping_status":"closed","template":"","meta":{"footnotes":""},"class_list":["post-7767","page","type-page","status-publish","hentry"],"_links":{"self":[{"href":"https:\/\/casaopcion.com\/en\/wp-json\/wp\/v2\/pages\/7767","targetHints":{"allow":["GET"]}}],"collection":[{"href":"https:\/\/casaopcion.com\/en\/wp-json\/wp\/v2\/pages"}],"about":[{"href":"https:\/\/casaopcion.com\/en\/wp-json\/wp\/v2\/types\/page"}],"author":[{"embeddable":true,"href":"https:\/\/casaopcion.com\/en\/wp-json\/wp\/v2\/users\/1"}],"replies":[{"embeddable":true,"href":"https:\/\/casaopcion.com\/en\/wp-json\/wp\/v2\/comments?post=7767"}],"version-history":[{"count":10,"href":"https:\/\/casaopcion.com\/en\/wp-json\/wp\/v2\/pages\/7767\/revisions"}],"predecessor-version":[{"id":7902,"href":"https:\/\/casaopcion.com\/en\/wp-json\/wp\/v2\/pages\/7767\/revisions\/7902"}],"wp:attachment":[{"href":"https:\/\/casaopcion.com\/en\/wp-json\/wp\/v2\/media?parent=7767"}],"curies":[{"name":"wp","href":"https:\/\/api.w.org\/{rel}","templated":true}]}}